{"id":128,"date":"2019-12-14T15:59:08","date_gmt":"2019-12-14T15:59:08","guid":{"rendered":"http:\/\/zetareklam.com\/?page_id=128"},"modified":"2019-12-14T16:38:27","modified_gmt":"2019-12-14T16:38:27","slug":"hakkimizda","status":"publish","type":"page","link":"http:\/\/zetareklam.com\/?page_id=128","title":{"rendered":"Hakk\u0131m\u0131zda"},"content":{"rendered":"\t\t<div data-elementor-type=\"wp-page\" data-elementor-id=\"128\" class=\"elementor elementor-128\" data-elementor-settings=\"[]\">\n\t\t\t<div class=\"elementor-inner\">\n\t\t\t\t<div class=\"elementor-section-wrap\">\n\t\t\t\t\t\t\t<section class=\"elementor-element elementor-element-1f3850bb elementor-section-content-bottom elementor-section-boxed elementor-section-height-default elementor-section-height-default elementor-section elementor-top-section\" data-id=\"1f3850bb\" data-element_type=\"section\" data-settings=\"{&quot;background_background&quot;:&quot;classic&quot;}\">\n\t\t\t\t\t\t<div class=\"elementor-container elementor-column-gap-default\">\n\t\t\t\t<div class=\"elementor-row\">\n\t\t\t\t<div class=\"elementor-element elementor-element-2d1a6571 elementor-invisible elementor-column elementor-col-50 elementor-top-column\" data-id=\"2d1a6571\" data-element_type=\"column\" data-settings=\"{&quot;background_background&quot;:&quot;classic&quot;,&quot;animation&quot;:&quot;fadeIn&quot;}\">\n\t\t\t<div class=\"elementor-column-wrap  elementor-element-populated\">\n\t\t\t\t\t<div class=\"elementor-widget-wrap\">\n\t\t\t\t<div class=\"elementor-element elementor-element-2cd034bd elementor-widget elementor-widget-heading\" data-id=\"2cd034bd\" data-element_type=\"widget\" data-widget_type=\"heading.default\">\n\t\t\t\t<div class=\"elementor-widget-container\">\n\t\t\t<h1 class=\"elementor-heading-title elementor-size-large\">Hakk\u0131m\u0131zda<\/h1>\t\t<\/div>\n\t\t\t\t<\/div>\n\t\t\t\t<div class=\"elementor-element elementor-element-2cc22a1e elementor-widget elementor-widget-text-editor\" data-id=\"2cc22a1e\" data-element_type=\"widget\" data-widget_type=\"text-editor.default\">\n\t\t\t\t<div class=\"elementor-widget-container\">\n\t\t\t\t\t<div class=\"elementor-text-editor elementor-clearfix\"><p>Firmam\u0131z 2015 y\u0131l\u0131nda Kayseri\u2019de kurulmu\u015f olup, sekt\u00f6rde ki 20 y\u0131ll\u0131k tecr\u00fcbesi ile hizmet vermekte oldu\u011fu yerel, ulusal ve global markalara kaliteli \u00fcr\u00fcnleri ekonomik fiyatlarla sunarak faaliyetlerine devam etmektedir.<\/p><p>Tecr\u00fcbeli kadrosu, geni\u015f makine parkuru, yurt \u00e7ap\u0131nda montaj ve servis hizmeti ile;<\/p><ul><li>\u0130malat \u00f6ncesi ke\u015fif,<\/li><li>Tasar\u0131m,<\/li><li>Projelendirme,<\/li><li>\u0130malat,<\/li><li>Nakliye ve montaj<\/li><\/ul><p>Hizmetlerini tamamen kendi b\u00fcnyesinde \u00e7\u00f6zmektedir.<\/p><\/div>\n\t\t\t\t<\/div>\n\t\t\t\t<\/div>\n\t\t\t\t\t\t<\/div>\n\t\t\t<\/div>\n\t\t<\/div>\n\t\t\t\t<div class=\"elementor-element elementor-element-6703dada elementor-column elementor-col-50 elementor-top-column\" data-id=\"6703dada\" data-element_type=\"column\">\n\t\t\t<div class=\"elementor-column-wrap\">\n\t\t\t\t\t<div class=\"elementor-widget-wrap\">\n\t\t\t\t\t\t<\/div>\n\t\t\t<\/div>\n\t\t<\/div>\n\t\t\t\t\t\t<\/div>\n\t\t\t<\/div>\n\t\t<\/section>\n\t\t\t\t<section class=\"elementor-element elementor-element-530e9275 elementor-section-content-middle elementor-section-boxed elementor-section-height-default elementor-section-height-default elementor-section elementor-top-section\" data-id=\"530e9275\" data-element_type=\"section\" data-settings=\"{&quot;background_background&quot;:&quot;classic&quot;}\">\n\t\t\t\t\t\t<div class=\"elementor-container elementor-column-gap-no\">\n\t\t\t\t<div class=\"elementor-row\">\n\t\t\t\t<div class=\"elementor-element elementor-element-39e6fc16 elementor-invisible elementor-column elementor-col-50 elementor-top-column\" data-id=\"39e6fc16\" data-element_type=\"column\" data-settings=\"{&quot;background_background&quot;:&quot;classic&quot;,&quot;animation&quot;:&quot;fadeInLeft&quot;}\">\n\t\t\t<div class=\"elementor-column-wrap  elementor-element-populated\">\n\t\t\t\t\t<div class=\"elementor-widget-wrap\">\n\t\t\t\t<div class=\"elementor-element elementor-element-76e53f35 elementor-widget elementor-widget-heading\" data-id=\"76e53f35\" data-element_type=\"widget\" data-widget_type=\"heading.default\">\n\t\t\t\t<div class=\"elementor-widget-container\">\n\t\t\t<h3 class=\"elementor-heading-title elementor-size-large\">Makina<br>Parkuru<\/h3>\t\t<\/div>\n\t\t\t\t<\/div>\n\t\t\t\t<div class=\"elementor-element elementor-element-34e832e6 elementor-widget elementor-widget-text-editor\" data-id=\"34e832e6\" data-element_type=\"widget\" data-widget_type=\"text-editor.default\">\n\t\t\t\t<div class=\"elementor-widget-container\">\n\t\t\t\t\t<div class=\"elementor-text-editor elementor-clearfix\"><ul><li>2880 DPI Eko Slovent \u0130\u00e7 Mekan-D\u0131\u015f Mekan Dijital Bask\u0131,<\/li><li>Dijital Bask\u0131l\u0131 \u00dcr\u00fcnlere S\u0131cak\/So\u011fuk Laminasyon Koruyucu,<\/li><li>1500x3000mm Lazer Kesim,<\/li><li>2100x4000mm CNC Kesim,<\/li><li>1260mm Plotter Folyo Kesim,<\/li><li>Bas\/Kes \u00dcnitesi,<\/li><li>Metal Kaynak (Al\u00fcmiyum ve Demir)<\/li><li>Statik Boya,<\/li><li>Plexiglass B\u00fck\u00fcm,<\/li><\/ul><p>Tezgah ve ekipmanlar\u0131 bulunmaktad\u0131r.<\/p><\/div>\n\t\t\t\t<\/div>\n\t\t\t\t<\/div>\n\t\t\t\t\t\t<\/div>\n\t\t\t<\/div>\n\t\t<\/div>\n\t\t\t\t<div class=\"elementor-element elementor-element-af50bc1 elementor-column elementor-col-50 elementor-top-column\" data-id=\"af50bc1\" data-element_type=\"column\">\n\t\t\t<div class=\"elementor-column-wrap  elementor-element-populated\">\n\t\t\t\t\t<div class=\"elementor-widget-wrap\">\n\t\t\t\t<div class=\"elementor-element elementor-element-3baef5de elementor-invisible elementor-widget elementor-widget-image\" data-id=\"3baef5de\" data-element_type=\"widget\" data-settings=\"{&quot;_animation&quot;:&quot;fadeInRight&quot;}\" data-widget_type=\"image.default\">\n\t\t\t\t<div class=\"elementor-widget-container\">\n\t\t\t\t\t<div class=\"elementor-image\">\n\t\t\t\t\t\t\t\t\t\t<img width=\"1600\" height=\"1417\" src=\"http:\/\/zetareklam.com\/wp-content\/uploads\/2019\/12\/dijital-baski.jpg\" class=\"attachment-full size-full\" alt=\"\" decoding=\"async\" loading=\"lazy\" srcset=\"http:\/\/zetareklam.com\/wp-content\/uploads\/2019\/12\/dijital-baski.jpg 1600w, http:\/\/zetareklam.com\/wp-content\/uploads\/2019\/12\/dijital-baski-300x266.jpg 300w, http:\/\/zetareklam.com\/wp-content\/uploads\/2019\/12\/dijital-baski-1024x907.jpg 1024w, http:\/\/zetareklam.com\/wp-content\/uploads\/2019\/12\/dijital-baski-768x680.jpg 768w, http:\/\/zetareklam.com\/wp-content\/uploads\/2019\/12\/dijital-baski-1536x1360.jpg 1536w\" sizes=\"(max-width: 1600px) 100vw, 1600px\" \/>\t\t\t\t\t\t\t\t\t\t\t<\/div>\n\t\t\t\t<\/div>\n\t\t\t\t<\/div>\n\t\t\t\t\t\t<\/div>\n\t\t\t<\/div>\n\t\t<\/div>\n\t\t\t\t\t\t<\/div>\n\t\t\t<\/div>\n\t\t<\/section>\n\t\t\t\t<section class=\"elementor-element elementor-element-183280e8 elementor-section-boxed elementor-section-height-default elementor-section-height-default elementor-section elementor-top-section\" data-id=\"183280e8\" data-element_type=\"section\" data-settings=\"{&quot;background_background&quot;:&quot;classic&quot;}\">\n\t\t\t\t\t\t<div class=\"elementor-container elementor-column-gap-default\">\n\t\t\t\t<div class=\"elementor-row\">\n\t\t\t\t<div class=\"elementor-element elementor-element-6ecf8d7f elementor-invisible elementor-column elementor-col-100 elementor-top-column\" data-id=\"6ecf8d7f\" data-element_type=\"column\" data-settings=\"{&quot;background_background&quot;:&quot;classic&quot;,&quot;animation&quot;:&quot;slideInUp&quot;}\">\n\t\t\t<div class=\"elementor-column-wrap  elementor-element-populated\">\n\t\t\t\t\t<div class=\"elementor-widget-wrap\">\n\t\t\t\t<div class=\"elementor-element elementor-element-32f1d3c elementor-shape-rounded elementor-invisible elementor-widget elementor-widget-social-icons\" data-id=\"32f1d3c\" data-element_type=\"widget\" data-settings=\"{&quot;_animation&quot;:&quot;fadeInUp&quot;}\" data-widget_type=\"social-icons.default\">\n\t\t\t\t<div class=\"elementor-widget-container\">\n\t\t\t\t\t<div class=\"elementor-social-icons-wrapper\">\n\t\t\t\t\t\t\t<a href=\"\" class=\"elementor-icon elementor-social-icon elementor-social-icon-facebook-f elementor-repeater-item-45bc055\" target=\"_blank\">\n\t\t\t\t\t<span class=\"elementor-screen-only\">Facebook-f<\/span>\n\t\t\t\t\t<i class=\"fab fa-facebook-f\"><\/i>\t\t\t\t<\/a>\n\t\t\t\t\t\t\t<a href=\"\" class=\"elementor-icon elementor-social-icon elementor-social-icon-twitter elementor-repeater-item-5d73b34\" target=\"_blank\">\n\t\t\t\t\t<span class=\"elementor-screen-only\">Twitter<\/span>\n\t\t\t\t\t<i class=\"fab fa-twitter\"><\/i>\t\t\t\t<\/a>\n\t\t\t\t\t\t\t<a href=\"\" class=\"elementor-icon elementor-social-icon elementor-social-icon-instagram elementor-repeater-item-0880a82\" target=\"_blank\">\n\t\t\t\t\t<span class=\"elementor-screen-only\">Instagram<\/span>\n\t\t\t\t\t<i class=\"fab fa-instagram\"><\/i>\t\t\t\t<\/a>\n\t\t\t\t\t<\/div>\n\t\t\t\t<\/div>\n\t\t\t\t<\/div>\n\t\t\t\t\t\t<\/div>\n\t\t\t<\/div>\n\t\t<\/div>\n\t\t\t\t\t\t<\/div>\n\t\t\t<\/div>\n\t\t<\/section>\n\t\t\t\t\t\t<\/div>\n\t\t\t<\/div>\n\t\t<\/div>\n\t\t","protected":false},"excerpt":{"rendered":"<p>Hakk\u0131m\u0131zda Firmam\u0131z 2015 y\u0131l\u0131nda Kayseri\u2019de kurulmu\u015f olup, sekt\u00f6rde ki 20 y\u0131ll\u0131k tecr\u00fcbesi ile hizmet vermekte oldu\u011fu yerel, ulusal ve global<\/p>\n","protected":false},"author":1,"featured_media":0,"parent":0,"menu_order":0,"comment_status":"closed","ping_status":"closed","template":"","meta":[],"_links":{"self":[{"href":"http:\/\/zetareklam.com\/index.php?rest_route=\/wp\/v2\/pages\/128"}],"collection":[{"href":"http:\/\/zetareklam.com\/index.php?rest_route=\/wp\/v2\/pages"}],"about":[{"href":"http:\/\/zetareklam.com\/index.php?rest_route=\/wp\/v2\/types\/page"}],"author":[{"embeddable":true,"href":"http:\/\/zetareklam.com\/index.php?rest_route=\/wp\/v2\/users\/1"}],"replies":[{"embeddable":true,"href":"http:\/\/zetareklam.com\/index.php?rest_route=%2Fwp%2Fv2%2Fcomments&post=128"}],"version-history":[{"count":9,"href":"http:\/\/zetareklam.com\/index.php?rest_route=\/wp\/v2\/pages\/128\/revisions"}],"predecessor-version":[{"id":145,"href":"http:\/\/zetareklam.com\/index.php?rest_route=\/wp\/v2\/pages\/128\/revisions\/145"}],"wp:attachment":[{"href":"http:\/\/zetareklam.com\/index.php?rest_route=%2Fwp%2Fv2%2Fmedia&parent=128"}],"curies":[{"name":"wp","href":"https:\/\/api.w.org\/{rel}","templated":true}]}}